{"id":815,"date":"2023-10-19T14:13:55","date_gmt":"2023-10-19T12:13:55","guid":{"rendered":"https:\/\/www.manufacturing-engineering-portfolio.com\/?page_id=815"},"modified":"2024-05-13T14:29:09","modified_gmt":"2024-05-13T12:29:09","slug":"journee-du-metal","status":"publish","type":"page","link":"https:\/\/www.manufacturing-engineering-portfolio.com\/brands\/journee-du-metal\/","title":{"rendered":"Journ\u00e9e du M\u00e9tal"},"content":{"rendered":"\t\t<div data-elementor-type=\"wp-page\" data-elementor-id=\"815\" class=\"elementor elementor-815\" data-elementor-post-type=\"page\">\n\t\t\t\t\t\t<section class=\"elementor-section elementor-top-section elementor-element elementor-element-3b24fe1 elementor-section-boxed elementor-section-height-default elementor-section-height-default\" data-id=\"3b24fe1\" data-element_type=\"section\">\n\t\t\t\t\t\t<div class=\"elementor-container elementor-column-gap-default\">\n\t\t\t\t\t<div class=\"elementor-column elementor-col-25 elementor-top-column elementor-element elementor-element-d5075e4\" data-id=\"d5075e4\" data-element_type=\"column\">\n\t\t\t<div class=\"elementor-widget-wrap elementor-element-populated\">\n\t\t\t\t\t\t<div class=\"elementor-element elementor-element-157801b elementor-widget elementor-widget-image\" data-id=\"157801b\" data-element_type=\"widget\" data-widget_type=\"image.default\">\n\t\t\t\t<div class=\"elementor-widget-container\">\n\t\t\t\t\t\t\t\t\t\t\t\t\t\t\t<img fetchpriority=\"high\" decoding=\"async\" width=\"1200\" height=\"535\" src=\"https:\/\/easyfairsassets.com\/sites\/301\/2023\/10\/Journey-de-Metal-logo.jpg\" class=\"attachment-2048x2048 size-2048x2048 wp-image-817\" alt=\"\" srcset=\"https:\/\/easyfairsassets.com\/sites\/301\/2023\/10\/Journey-de-Metal-logo.jpg 1200w, https:\/\/easyfairsassets.com\/sites\/301\/2023\/10\/Journey-de-Metal-logo-300x134.jpg 300w, https:\/\/easyfairsassets.com\/sites\/301\/2023\/10\/Journey-de-Metal-logo-1024x457.jpg 1024w, https:\/\/easyfairsassets.com\/sites\/301\/2023\/10\/Journey-de-Metal-logo-768x342.jpg 768w\" sizes=\"(max-width: 1200px) 100vw, 1200px\" \/>\t\t\t\t\t\t\t\t\t\t\t\t\t\t\t<\/div>\n\t\t\t\t<\/div>\n\t\t\t\t\t<\/div>\n\t\t<\/div>\n\t\t\t\t<div class=\"elementor-column elementor-col-25 elementor-top-column elementor-element elementor-element-165d9a8\" data-id=\"165d9a8\" data-element_type=\"column\">\n\t\t\t<div class=\"elementor-widget-wrap\">\n\t\t\t\t\t\t\t<\/div>\n\t\t<\/div>\n\t\t\t\t<div class=\"elementor-column elementor-col-25 elementor-top-column elementor-element elementor-element-9f44a95\" data-id=\"9f44a95\" data-element_type=\"column\">\n\t\t\t<div class=\"elementor-widget-wrap\">\n\t\t\t\t\t\t\t<\/div>\n\t\t<\/div>\n\t\t\t\t<div class=\"elementor-column elementor-col-25 elementor-top-column elementor-element elementor-element-1ea3fef\" data-id=\"1ea3fef\" data-element_type=\"column\">\n\t\t\t<div class=\"elementor-widget-wrap\">\n\t\t\t\t\t\t\t<\/div>\n\t\t<\/div>\n\t\t\t\t\t<\/div>\n\t\t<\/section>\n\t\t\t\t<section class=\"elementor-section elementor-top-section elementor-element elementor-element-5408cd9 elementor-section-boxed elementor-section-height-default elementor-section-height-default\" data-id=\"5408cd9\" data-element_type=\"section\">\n\t\t\t\t\t\t<div class=\"elementor-container elementor-column-gap-default\">\n\t\t\t\t\t<div class=\"elementor-column elementor-col-100 elementor-top-column elementor-element elementor-element-c69ff0c\" data-id=\"c69ff0c\" data-element_type=\"column\">\n\t\t\t<div class=\"elementor-widget-wrap elementor-element-populated\">\n\t\t\t\t\t\t<div class=\"elementor-element elementor-element-1995eae elementor-widget elementor-widget-heading\" data-id=\"1995eae\" data-element_type=\"widget\" data-widget_type=\"heading.default\">\n\t\t\t\t<div class=\"elementor-widget-container\">\n\t\t\t\t\t<h1 class=\"elementor-heading-title elementor-size-xxl\">Journ\u00e9e du M\u00e9tal<\/h1>\t\t\t\t<\/div>\n\t\t\t\t<\/div>\n\t\t\t\t<div class=\"elementor-element elementor-element-0c823c5 elementor-invisible elementor-widget elementor-widget-text-editor\" data-id=\"0c823c5\" data-element_type=\"widget\" data-settings=\"{&quot;_animation&quot;:&quot;slideInUp&quot;}\" data-widget_type=\"text-editor.default\">\n\t\t\t\t<div class=\"elementor-widget-container\">\n\t\t\t\t\t\t\t\t\t<p>Belgium<\/p>\t\t\t\t\t\t\t\t<\/div>\n\t\t\t\t<\/div>\n\t\t\t\t\t<\/div>\n\t\t<\/div>\n\t\t\t\t\t<\/div>\n\t\t<\/section>\n\t\t\t\t<section class=\"elementor-section elementor-top-section elementor-element elementor-element-3b0b970 elementor-section-boxed elementor-section-height-default elementor-section-height-default\" data-id=\"3b0b970\" data-element_type=\"section\">\n\t\t\t\t\t\t<div class=\"elementor-container elementor-column-gap-default\">\n\t\t\t\t\t<div class=\"elementor-column elementor-col-100 elementor-top-column elementor-element elementor-element-567cb32\" data-id=\"567cb32\" data-element_type=\"column\">\n\t\t\t<div class=\"elementor-widget-wrap elementor-element-populated\">\n\t\t\t\t\t\t<div class=\"elementor-element elementor-element-23faf09 elementor-widget__width-initial elementor-invisible elementor-widget elementor-widget-text-editor\" data-id=\"23faf09\" data-element_type=\"widget\" data-settings=\"{&quot;_animation&quot;:&quot;slideInUp&quot;}\" data-widget_type=\"text-editor.default\">\n\t\t\t\t<div class=\"elementor-widget-container\">\n\t\t\t\t\t\t\t\t\t<p><span class=\"NormalTextRun SCXW192371207 BCX0\">T<\/span><span class=\"NormalTextRun SCXW192371207 BCX0\">he first edition of <\/span><span class=\"NormalTextRun SpellingErrorV2Themed SCXW192371207 BCX0\">Journ\u00e9e<\/span><span class=\"NormalTextRun SCXW192371207 BCX0\"> du M\u00e9tal took place<\/span><span class=\"NormalTextRun SCXW192371207 BCX0\"> in June 2022. <\/span><span class=\"NormalTextRun SCXW192371207 BCX0\">It\u2019s<\/span><span class=\"NormalTextRun SCXW192371207 BCX0\"> a new one-day fair concept with all-in booths <\/span><span class=\"NormalTextRun SCXW192371207 BCX0\">that offer <\/span><span class=\"NormalTextRun SCXW192371207 BCX0\">welding, <\/span><span class=\"NormalTextRun SCXW192371207 BCX0\">metal,<\/span><span class=\"NormalTextRun SCXW192371207 BCX0\"> and supply solutions<\/span><span class=\"NormalTextRun SCXW192371207 BCX0\"> to the French-speaking market in Belgium<\/span><span class=\"NormalTextRun SCXW192371207 BCX0\">.\u00a0<\/span><span class=\"NormalTextRun SCXW192371207 BCX0\" style=\"color: var( --e-global-color-primary ); font-family: var( --e-global-typography-text-font-family ), Sans-serif;\">This combination was viewed very positively by our visitors, <\/span><span class=\"NormalTextRun SCXW192371207 BCX0\" style=\"color: var( --e-global-color-primary ); font-family: var( --e-global-typography-text-font-family ), Sans-serif;\">exhibitors,<\/span><span class=\"NormalTextRun SCXW192371207 BCX0\" style=\"color: var( --e-global-color-primary ); font-family: var( --e-global-typography-text-font-family ), Sans-serif;\"> and strategic partners.<\/span> <span class=\"NormalTextRun SCXW192371207 BCX0\" style=\"color: var( --e-global-color-primary ); font-family: var( --e-global-typography-text-font-family ), Sans-serif;\">Previous<\/span><span class=\"NormalTextRun SCXW192371207 BCX0\" style=\"color: var( --e-global-color-primary ); font-family: var( --e-global-typography-text-font-family ), Sans-serif;\"> research after Welding Week and Subcontracting 2019 also showed that our visitors were keen to see the full solution chain<\/span><span class=\"NormalTextRun SCXW192371207 BCX0\" style=\"color: var( --e-global-color-primary ); font-family: var( --e-global-typography-text-font-family ), Sans-serif;\">.<\/span><\/p>\t\t\t\t\t\t\t\t<\/div>\n\t\t\t\t<\/div>\n\t\t\t\t<div class=\"elementor-element elementor-element-1d3858d elementor-widget elementor-widget-spacer\" data-id=\"1d3858d\" data-element_type=\"widget\" data-widget_type=\"spacer.default\">\n\t\t\t\t<div class=\"elementor-widget-container\">\n\t\t\t\t\t\t\t<div class=\"elementor-spacer\">\n\t\t\t<div class=\"elementor-spacer-inner\"><\/div>\n\t\t<\/div>\n\t\t\t\t\t\t<\/div>\n\t\t\t\t<\/div>\n\t\t\t\t\t<\/div>\n\t\t<\/div>\n\t\t\t\t\t<\/div>\n\t\t<\/section>\n\t\t\t\t<section class=\"elementor-section elementor-top-section elementor-element elementor-element-63246d9 elementor-section-boxed elementor-section-height-default elementor-section-height-default\" data-id=\"63246d9\" data-element_type=\"section\">\n\t\t\t\t\t\t<div class=\"elementor-container elementor-column-gap-default\">\n\t\t\t\t\t<div class=\"elementor-column elementor-col-33 elementor-top-column elementor-element elementor-element-e55f9e6\" data-id=\"e55f9e6\" data-element_type=\"column\">\n\t\t\t<div class=\"elementor-widget-wrap\">\n\t\t\t\t\t\t\t<\/div>\n\t\t<\/div>\n\t\t\t\t<div class=\"elementor-column elementor-col-33 elementor-top-column elementor-element elementor-element-529c47a\" data-id=\"529c47a\" data-element_type=\"column\" data-settings=\"{&quot;background_background&quot;:&quot;classic&quot;}\">\n\t\t\t<div class=\"elementor-widget-wrap elementor-element-populated\">\n\t\t\t\t\t\t<div class=\"elementor-element elementor-element-c3ad1ee elementor-widget elementor-widget-heading\" data-id=\"c3ad1ee\" data-element_type=\"widget\" data-widget_type=\"heading.default\">\n\t\t\t\t<div class=\"elementor-widget-container\">\n\t\t\t\t\t<h3 class=\"elementor-heading-title elementor-size-default\">Namur<\/h3>\t\t\t\t<\/div>\n\t\t\t\t<\/div>\n\t\t\t\t<div class=\"elementor-element elementor-element-640823e elementor-widget-divider--view-line elementor-widget elementor-widget-divider\" data-id=\"640823e\" data-element_type=\"widget\" data-widget_type=\"divider.default\">\n\t\t\t\t<div class=\"elementor-widget-container\">\n\t\t\t\t\t\t\t<div class=\"elementor-divider\">\n\t\t\t<span class=\"elementor-divider-separator\">\n\t\t\t\t\t\t<\/span>\n\t\t<\/div>\n\t\t\t\t\t\t<\/div>\n\t\t\t\t<\/div>\n\t\t\t\t<div class=\"elementor-element elementor-element-b0aff62 elementor-align-center elementor-invisible elementor-widget elementor-widget-button\" data-id=\"b0aff62\" data-element_type=\"widget\" data-settings=\"{&quot;_animation&quot;:&quot;slideInUp&quot;}\" data-widget_type=\"button.default\">\n\t\t\t\t<div class=\"elementor-widget-container\">\n\t\t\t\t\t\t\t\t\t<div class=\"elementor-button-wrapper\">\n\t\t\t\t\t<a class=\"elementor-button elementor-button-link elementor-size-sm elementor-animation-bob\" href=\"https:\/\/www.journeedumetal.be\/\" target=\"_blank\">\n\t\t\t\t\t\t<span class=\"elementor-button-content-wrapper\">\n\t\t\t\t\t\t\t\t\t<span class=\"elementor-button-text\">EXPLORE<\/span>\n\t\t\t\t\t<\/span>\n\t\t\t\t\t<\/a>\n\t\t\t\t<\/div>\n\t\t\t\t\t\t\t\t<\/div>\n\t\t\t\t<\/div>\n\t\t\t\t\t<\/div>\n\t\t<\/div>\n\t\t\t\t<div class=\"elementor-column elementor-col-33 elementor-top-column elementor-element elementor-element-6be7c57\" data-id=\"6be7c57\" data-element_type=\"column\">\n\t\t\t<div class=\"elementor-widget-wrap\">\n\t\t\t\t\t\t\t<\/div>\n\t\t<\/div>\n\t\t\t\t\t<\/div>\n\t\t<\/section>\n\t\t\t\t<section class=\"elementor-section elementor-top-section elementor-element elementor-element-6cb8205 elementor-section-boxed elementor-section-height-default elementor-section-height-default\" data-id=\"6cb8205\" data-element_type=\"section\">\n\t\t\t\t\t\t<div class=\"elementor-container elementor-column-gap-default\">\n\t\t\t\t\t<div class=\"elementor-column elementor-col-100 elementor-top-column elementor-element elementor-element-73da6ce\" data-id=\"73da6ce\" data-element_type=\"column\">\n\t\t\t<div class=\"elementor-widget-wrap elementor-element-populated\">\n\t\t\t\t\t\t<div class=\"elementor-element elementor-element-6ca4d3d elementor-widget elementor-widget-spacer\" data-id=\"6ca4d3d\" data-element_type=\"widget\" data-widget_type=\"spacer.default\">\n\t\t\t\t<div class=\"elementor-widget-container\">\n\t\t\t\t\t\t\t<div class=\"elementor-spacer\">\n\t\t\t<div class=\"elementor-spacer-inner\"><\/div>\n\t\t<\/div>\n\t\t\t\t\t\t<\/div>\n\t\t\t\t<\/div>\n\t\t\t\t\t<\/div>\n\t\t<\/div>\n\t\t\t\t\t<\/div>\n\t\t<\/section>\n\t\t\t\t<section class=\"elementor-section elementor-top-section elementor-element elementor-element-36b2f96 elementor-section-boxed elementor-section-height-default elementor-section-height-default\" data-id=\"36b2f96\" data-element_type=\"section\">\n\t\t\t\t\t\t<div class=\"elementor-container elementor-column-gap-default\">\n\t\t\t\t\t<div class=\"elementor-column elementor-col-100 elementor-top-column elementor-element elementor-element-8f4ce7a\" data-id=\"8f4ce7a\" data-element_type=\"column\">\n\t\t\t<div class=\"elementor-widget-wrap elementor-element-populated\">\n\t\t\t\t\t\t<div class=\"elementor-element elementor-element-2fc3572 elementor-widget elementor-widget-heading\" data-id=\"2fc3572\" data-element_type=\"widget\" data-widget_type=\"heading.default\">\n\t\t\t\t<div class=\"elementor-widget-container\">\n\t\t\t\t\t<h2 class=\"elementor-heading-title elementor-size-default\">Visitor profile<\/h2>\t\t\t\t<\/div>\n\t\t\t\t<\/div>\n\t\t\t\t<section class=\"elementor-section elementor-inner-section elementor-element elementor-element-d35e28e elementor-section-boxed elementor-section-height-default elementor-section-height-default\" data-id=\"d35e28e\" data-element_type=\"section\">\n\t\t\t\t\t\t<div class=\"elementor-container elementor-column-gap-default\">\n\t\t\t\t\t<div class=\"elementor-column elementor-col-50 elementor-inner-column elementor-element elementor-element-17f835d\" data-id=\"17f835d\" data-element_type=\"column\" data-settings=\"{&quot;background_background&quot;:&quot;classic&quot;}\">\n\t\t\t<div class=\"elementor-widget-wrap elementor-element-populated\">\n\t\t\t\t\t\t<div class=\"elementor-element elementor-element-fa435c7 elementor-widget elementor-widget-heading\" data-id=\"fa435c7\" data-element_type=\"widget\" data-widget_type=\"heading.default\">\n\t\t\t\t<div class=\"elementor-widget-container\">\n\t\t\t\t\t<h2 class=\"elementor-heading-title elementor-size-default\">JOB PROFILES<\/h2>\t\t\t\t<\/div>\n\t\t\t\t<\/div>\n\t\t\t\t<div class=\"elementor-element elementor-element-3310f1b elementor-widget-divider--view-line elementor-widget elementor-widget-divider\" data-id=\"3310f1b\" data-element_type=\"widget\" data-widget_type=\"divider.default\">\n\t\t\t\t<div class=\"elementor-widget-container\">\n\t\t\t\t\t\t\t<div class=\"elementor-divider\">\n\t\t\t<span class=\"elementor-divider-separator\">\n\t\t\t\t\t\t<\/span>\n\t\t<\/div>\n\t\t\t\t\t\t<\/div>\n\t\t\t\t<\/div>\n\t\t\t\t<div class=\"elementor-element elementor-element-206fc3d elementor-widget__width-initial elementor-invisible elementor-widget elementor-widget-text-editor\" data-id=\"206fc3d\" data-element_type=\"widget\" data-settings=\"{&quot;_animation&quot;:&quot;slideInUp&quot;}\" data-widget_type=\"text-editor.default\">\n\t\t\t\t<div class=\"elementor-widget-container\">\n\t\t\t\t\t\t\t\t\t<p>Automation engineers<br \/>CEOs<br \/><span style=\"color: var( --e-global-color-primary ); font-family: var( --e-global-typography-text-font-family ), Sans-serif;\">Operators<br \/><\/span><span style=\"color: var( --e-global-color-primary ); font-family: var( --e-global-typography-text-font-family ), Sans-serif;\">Operations managers<br \/><\/span><span data-contrast=\"auto\">Production managers<br \/><\/span><span style=\"color: var( --e-global-color-primary ); font-family: var( --e-global-typography-text-font-family ), Sans-serif;\" data-contrast=\"auto\">Project managers<\/span><\/p>\t\t\t\t\t\t\t\t<\/div>\n\t\t\t\t<\/div>\n\t\t\t\t\t<\/div>\n\t\t<\/div>\n\t\t\t\t<div class=\"elementor-column elementor-col-50 elementor-inner-column elementor-element elementor-element-f67011c\" data-id=\"f67011c\" data-element_type=\"column\">\n\t\t\t<div class=\"elementor-widget-wrap elementor-element-populated\">\n\t\t\t\t\t\t<div class=\"elementor-element elementor-element-49ce513 elementor-widget__width-initial elementor-widget elementor-widget-image\" data-id=\"49ce513\" data-element_type=\"widget\" data-widget_type=\"image.default\">\n\t\t\t\t<div class=\"elementor-widget-container\">\n\t\t\t\t\t\t\t\t\t\t\t\t\t\t\t<img decoding=\"async\" width=\"800\" height=\"533\" src=\"https:\/\/easyfairsassets.com\/sites\/301\/2024\/04\/Weldingweek_2015_VISUAL_1-1024x682.jpg\" class=\"attachment-large size-large wp-image-1797\" alt=\"\" srcset=\"https:\/\/easyfairsassets.com\/sites\/301\/2024\/04\/Weldingweek_2015_VISUAL_1-1024x682.jpg 1024w, https:\/\/easyfairsassets.com\/sites\/301\/2024\/04\/Weldingweek_2015_VISUAL_1-300x200.jpg 300w, https:\/\/easyfairsassets.com\/sites\/301\/2024\/04\/Weldingweek_2015_VISUAL_1-768x511.jpg 768w, https:\/\/easyfairsassets.com\/sites\/301\/2024\/04\/Weldingweek_2015_VISUAL_1.jpg 1200w\" sizes=\"(max-width: 800px) 100vw, 800px\" \/>\t\t\t\t\t\t\t\t\t\t\t\t\t\t\t<\/div>\n\t\t\t\t<\/div>\n\t\t\t\t\t<\/div>\n\t\t<\/div>\n\t\t\t\t\t<\/div>\n\t\t<\/section>\n\t\t\t\t<section class=\"elementor-section elementor-inner-section elementor-element elementor-element-2b8c192 elementor-section-boxed elementor-section-height-default elementor-section-height-default\" data-id=\"2b8c192\" data-element_type=\"section\">\n\t\t\t\t\t\t<div class=\"elementor-container elementor-column-gap-default\">\n\t\t\t\t\t<div class=\"elementor-column elementor-col-50 elementor-inner-column elementor-element elementor-element-ef50db1\" data-id=\"ef50db1\" data-element_type=\"column\">\n\t\t\t<div class=\"elementor-widget-wrap elementor-element-populated\">\n\t\t\t\t\t\t<div class=\"elementor-element elementor-element-a57986c elementor-widget__width-initial elementor-hidden-mobile elementor-widget elementor-widget-image\" data-id=\"a57986c\" data-element_type=\"widget\" data-widget_type=\"image.default\">\n\t\t\t\t<div class=\"elementor-widget-container\">\n\t\t\t\t\t\t\t\t\t\t\t\t\t\t\t<img decoding=\"async\" width=\"800\" height=\"534\" src=\"https:\/\/easyfairsassets.com\/sites\/301\/2023\/10\/52176431834_5334e462f7_k-1024x683.jpg\" class=\"attachment-large size-large wp-image-976\" alt=\"\" srcset=\"https:\/\/easyfairsassets.com\/sites\/301\/2023\/10\/52176431834_5334e462f7_k-1024x683.jpg 1024w, https:\/\/easyfairsassets.com\/sites\/301\/2023\/10\/52176431834_5334e462f7_k-300x200.jpg 300w, https:\/\/easyfairsassets.com\/sites\/301\/2023\/10\/52176431834_5334e462f7_k-768x512.jpg 768w, https:\/\/easyfairsassets.com\/sites\/301\/2023\/10\/52176431834_5334e462f7_k.jpg 1200w\" sizes=\"(max-width: 800px) 100vw, 800px\" \/>\t\t\t\t\t\t\t\t\t\t\t\t\t\t\t<\/div>\n\t\t\t\t<\/div>\n\t\t\t\t\t<\/div>\n\t\t<\/div>\n\t\t\t\t<div class=\"elementor-column elementor-col-50 elementor-inner-column elementor-element elementor-element-84a1359\" data-id=\"84a1359\" data-element_type=\"column\" data-settings=\"{&quot;background_background&quot;:&quot;classic&quot;}\">\n\t\t\t<div class=\"elementor-widget-wrap elementor-element-populated\">\n\t\t\t\t\t\t<div class=\"elementor-element elementor-element-3b7b0a3 elementor-widget elementor-widget-heading\" data-id=\"3b7b0a3\" data-element_type=\"widget\" data-widget_type=\"heading.default\">\n\t\t\t\t<div class=\"elementor-widget-container\">\n\t\t\t\t\t<h2 class=\"elementor-heading-title elementor-size-default\">INDUSTRIES<\/h2>\t\t\t\t<\/div>\n\t\t\t\t<\/div>\n\t\t\t\t<div class=\"elementor-element elementor-element-218bb73 elementor-widget-divider--view-line elementor-widget elementor-widget-divider\" data-id=\"218bb73\" data-element_type=\"widget\" data-widget_type=\"divider.default\">\n\t\t\t\t<div class=\"elementor-widget-container\">\n\t\t\t\t\t\t\t<div class=\"elementor-divider\">\n\t\t\t<span class=\"elementor-divider-separator\">\n\t\t\t\t\t\t<\/span>\n\t\t<\/div>\n\t\t\t\t\t\t<\/div>\n\t\t\t\t<\/div>\n\t\t\t\t<div class=\"elementor-element elementor-element-06af663 elementor-widget__width-initial elementor-invisible elementor-widget elementor-widget-text-editor\" data-id=\"06af663\" data-element_type=\"widget\" data-settings=\"{&quot;_animation&quot;:&quot;slideInUp&quot;}\" data-widget_type=\"text-editor.default\">\n\t\t\t\t<div class=\"elementor-widget-container\">\n\t\t\t\t\t\t\t\t\t<p><span class=\"TextRun SCXW89417873 BCX0\" lang=\"EN-GB\" xml:lang=\"EN-GB\" data-contrast=\"auto\"><span class=\"NormalTextRun SCXW89417873 BCX0\">Metalworking<\/span><\/span><\/p>\t\t\t\t\t\t\t\t<\/div>\n\t\t\t\t<\/div>\n\t\t\t\t\t<\/div>\n\t\t<\/div>\n\t\t\t\t\t<\/div>\n\t\t<\/section>\n\t\t\t\t\t<\/div>\n\t\t<\/div>\n\t\t\t\t\t<\/div>\n\t\t<\/section>\n\t\t\t\t<section class=\"elementor-section elementor-top-section elementor-element elementor-element-27e6dcf elementor-section-boxed elementor-section-height-default elementor-section-height-default\" data-id=\"27e6dcf\" data-element_type=\"section\">\n\t\t\t\t\t\t<div class=\"elementor-container elementor-column-gap-default\">\n\t\t\t\t\t<div class=\"elementor-column elementor-col-100 elementor-top-column elementor-element elementor-element-2323adb\" data-id=\"2323adb\" data-element_type=\"column\">\n\t\t\t<div class=\"elementor-widget-wrap elementor-element-populated\">\n\t\t\t\t\t\t<div class=\"elementor-element elementor-element-7388bb6 elementor-widget__width-initial elementor-hidden-desktop elementor-hidden-tablet elementor-widget elementor-widget-image\" data-id=\"7388bb6\" data-element_type=\"widget\" data-widget_type=\"image.default\">\n\t\t\t\t<div class=\"elementor-widget-container\">\n\t\t\t\t\t\t\t\t\t\t\t\t\t\t\t<img decoding=\"async\" width=\"800\" height=\"534\" src=\"https:\/\/easyfairsassets.com\/sites\/301\/2023\/10\/52176431834_5334e462f7_k-1024x683.jpg\" class=\"attachment-large size-large wp-image-976\" alt=\"\" srcset=\"https:\/\/easyfairsassets.com\/sites\/301\/2023\/10\/52176431834_5334e462f7_k-1024x683.jpg 1024w, https:\/\/easyfairsassets.com\/sites\/301\/2023\/10\/52176431834_5334e462f7_k-300x200.jpg 300w, https:\/\/easyfairsassets.com\/sites\/301\/2023\/10\/52176431834_5334e462f7_k-768x512.jpg 768w, https:\/\/easyfairsassets.com\/sites\/301\/2023\/10\/52176431834_5334e462f7_k.jpg 1200w\" sizes=\"(max-width: 800px) 100vw, 800px\" \/>\t\t\t\t\t\t\t\t\t\t\t\t\t\t\t<\/div>\n\t\t\t\t<\/div>\n\t\t\t\t\t<\/div>\n\t\t<\/div>\n\t\t\t\t\t<\/div>\n\t\t<\/section>\n\t\t\t\t<section class=\"elementor-section elementor-top-section elementor-element elementor-element-abf1326 elementor-section-boxed elementor-section-height-default elementor-section-height-default\" data-id=\"abf1326\" data-element_type=\"section\">\n\t\t\t\t\t\t<div class=\"elementor-container elementor-column-gap-default\">\n\t\t\t\t\t<div class=\"elementor-column elementor-col-100 elementor-top-column elementor-element elementor-element-3ed69a7\" data-id=\"3ed69a7\" data-element_type=\"column\">\n\t\t\t<div class=\"elementor-widget-wrap elementor-element-populated\">\n\t\t\t\t\t\t<div class=\"elementor-element elementor-element-6b1dd41 elementor-widget elementor-widget-spacer\" data-id=\"6b1dd41\" data-element_type=\"widget\" data-widget_type=\"spacer.default\">\n\t\t\t\t<div class=\"elementor-widget-container\">\n\t\t\t\t\t\t\t<div class=\"elementor-spacer\">\n\t\t\t<div class=\"elementor-spacer-inner\"><\/div>\n\t\t<\/div>\n\t\t\t\t\t\t<\/div>\n\t\t\t\t<\/div>\n\t\t\t\t\t<\/div>\n\t\t<\/div>\n\t\t\t\t\t<\/div>\n\t\t<\/section>\n\t\t\t\t<\/div>\n\t\t","protected":false},"excerpt":{"rendered":"<p>Journ\u00e9e du M\u00e9tal Belgium The first edition of Journ\u00e9e du M\u00e9tal took place in June 2022. It\u2019s a new one-day fair concept with all-in booths that offer welding, metal, and supply solutions to the French-speaking market in Belgium.\u00a0This combination was viewed very positively by our visitors, exhibitors, and strategic partners. Previous research after Welding Week [&hellip;]<\/p>\n","protected":false},"author":953,"featured_media":0,"parent":25,"menu_order":0,"comment_status":"closed","ping_status":"closed","template":"","meta":{"_seopress_robots_primary_cat":"","_seopress_titles_title":"Journ\u00e9e du M\u00e9tal - Manufacturing and Engineering series - Easyfairs","_seopress_titles_desc":"","_seopress_robots_index":"","footnotes":""},"class_list":["post-815","page","type-page","status-publish","hentry"],"_links":{"self":[{"href":"https:\/\/www.manufacturing-engineering-portfolio.com\/en\/wp-json\/wp\/v2\/pages\/815","targetHints":{"allow":["GET"]}}],"collection":[{"href":"https:\/\/www.manufacturing-engineering-portfolio.com\/en\/wp-json\/wp\/v2\/pages"}],"about":[{"href":"https:\/\/www.manufacturing-engineering-portfolio.com\/en\/wp-json\/wp\/v2\/types\/page"}],"author":[{"embeddable":true,"href":"https:\/\/www.manufacturing-engineering-portfolio.com\/en\/wp-json\/wp\/v2\/users\/953"}],"replies":[{"embeddable":true,"href":"https:\/\/www.manufacturing-engineering-portfolio.com\/en\/wp-json\/wp\/v2\/comments?post=815"}],"version-history":[{"count":5,"href":"https:\/\/www.manufacturing-engineering-portfolio.com\/en\/wp-json\/wp\/v2\/pages\/815\/revisions"}],"predecessor-version":[{"id":2399,"href":"https:\/\/www.manufacturing-engineering-portfolio.com\/en\/wp-json\/wp\/v2\/pages\/815\/revisions\/2399"}],"up":[{"embeddable":true,"href":"https:\/\/www.manufacturing-engineering-portfolio.com\/en\/wp-json\/wp\/v2\/pages\/25"}],"wp:attachment":[{"href":"https:\/\/www.manufacturing-engineering-portfolio.com\/en\/wp-json\/wp\/v2\/media?parent=815"}],"curies":[{"name":"wp","href":"https:\/\/api.w.org\/{rel}","templated":true}]}}